{"id":419,"date":"2017-05-10T10:26:36","date_gmt":"2017-05-10T07:26:36","guid":{"rendered":"http:\/\/laippa.fi\/?post_type=product&#038;p=419"},"modified":"2025-07-08T14:04:17","modified_gmt":"2025-07-08T12:04:17","slug":"taivutetut-irtolaipat-kauluksella-din2632","status":"publish","type":"product","link":"https:\/\/laippa.fi\/?product=taivutetut-irtolaipat-kauluksella-din2632","title":{"rendered":"Kauluslaippa DIN2632"},"content":{"rendered":"<p data-start=\"172\" data-end=\"259\"><strong data-start=\"172\" data-end=\"259\">Ruostumaton kauluslaippa DIN 2632, PN16 \u2013 Kest\u00e4v\u00e4 valinta teollisuuden putkistoihin<\/strong><\/p>\n<p data-start=\"261\" data-end=\"589\">DIN 2632 -standardin mukainen ruostumattomasta ter\u00e4ksest\u00e4 valmistettu hitsattava kauluslaippa (Welding Neck Flange), joka on suunniteltu paineen PN10 k\u00e4ytt\u00f6alueelle. Soveltuu erinomaisesti kohteisiin, joissa vaaditaan korkeaa tiiveytt\u00e4 ja luotettavuutta, kuten kemian- ja prosessiteollisuudessa sek\u00e4 energia- ja vesilaitoksissa.<\/p>\n<p data-start=\"591\" data-end=\"887\">&#x2705; <strong data-start=\"593\" data-end=\"623\">Eurooppalaista valmistusta<\/strong> \u2013 vastuullinen ja laadukas tuotanto<br data-start=\"659\" data-end=\"662\" \/>&#x2705; <strong data-start=\"664\" data-end=\"683\">Kest\u00e4v\u00e4 rakenne<\/strong> \u2013 erinomainen mekaaninen lujuus ja korroosionkest\u00e4vyys<br data-start=\"738\" data-end=\"741\" \/>&#x2705; <strong data-start=\"743\" data-end=\"762\">DIN 2632 \/ PN16<\/strong>\u00a0\u2013 yhteensopiva ja standardin mukainen laatu<br data-start=\"806\" data-end=\"809\" \/>&#x2705; <strong data-start=\"811\" data-end=\"844\">Ymp\u00e4rist\u00f6yst\u00e4v\u00e4llinen valinta<\/strong> \u2013 pienemm\u00e4t CO\u2082-p\u00e4\u00e4st\u00f6t vs. tuontituotteet<\/p>\n<p data-start=\"889\" data-end=\"1128\">Toisin kuin useat halpatuontituotteet, n\u00e4m\u00e4 kauluslaipat valmistetaan Euroopassa korkeiden laatukriteerien mukaisesti. Valitsemalla eurooppalaisen laipan tuet kest\u00e4v\u00e4\u00e4 kehityst\u00e4 ja varmistat luotettavan osan kriittisiin putkistokohteisiin.<\/p>\n<p><img fetchpriority=\"high\" decoding=\"async\" class=\"alignnone  wp-image-2883\" src=\"https:\/\/laippa.fi\/wp-content\/uploads\/2017\/05\/taivutettu_irtolaippa.jpg\" alt=\"\" width=\"477\" height=\"395\" srcset=\"https:\/\/laippa.fi\/wp-content\/uploads\/2017\/05\/taivutettu_irtolaippa.jpg 591w, https:\/\/laippa.fi\/wp-content\/uploads\/2017\/05\/taivutettu_irtolaippa-300x248.jpg 300w\" sizes=\"(max-width: 477px) 100vw, 477px\" \/><img decoding=\"async\" class=\"alignnone  wp-image-420\" src=\"https:\/\/laippa.fi\/wp-content\/uploads\/2017\/05\/Taivutetut-irtolaipat-kauluksella-DIN2632-taulukko.jpg\" alt=\"\" width=\"767\" height=\"607\" srcset=\"https:\/\/laippa.fi\/wp-content\/uploads\/2017\/05\/Taivutetut-irtolaipat-kauluksella-DIN2632-taulukko.jpg 1438w, https:\/\/laippa.fi\/wp-content\/uploads\/2017\/05\/Taivutetut-irtolaipat-kauluksella-DIN2632-taulukko-600x475.jpg 600w, https:\/\/laippa.fi\/wp-content\/uploads\/2017\/05\/Taivutetut-irtolaipat-kauluksella-DIN2632-taulukko-300x237.jpg 300w, https:\/\/laippa.fi\/wp-content\/uploads\/2017\/05\/Taivutetut-irtolaipat-kauluksella-DIN2632-taulukko-1024x810.jpg 1024w, https:\/\/laippa.fi\/wp-content\/uploads\/2017\/05\/Taivutetut-irtolaipat-kauluksella-DIN2632-taulukko-768x608.jpg 768w\" sizes=\"(max-width: 767px) 100vw, 767px\" \/><\/p>\n","protected":false},"excerpt":{"rendered":"<p>Ruostumaton kauluslaippa DIN 2632, PN16. Eurooppalainen laatu \u2013 vastuullinen ja pitk\u00e4ik\u00e4inen ratkaisu teollisuuden putkistoihin.<\/p>\n","protected":false},"featured_media":421,"template":"","meta":[],"product_brand":[],"product_cat":[244],"product_tag":[],"yst_prominent_words":[],"class_list":{"0":"post-419","1":"product","2":"type-product","3":"status-publish","4":"has-post-thumbnail","6":"product_cat-laipat","8":"first","9":"instock","10":"taxable","11":"shipping-taxable","12":"purchasable","13":"product-type-variable"},"_links":{"self":[{"href":"https:\/\/laippa.fi\/index.php?rest_route=\/wp\/v2\/product\/419","targetHints":{"allow":["GET"]}}],"collection":[{"href":"https:\/\/laippa.fi\/index.php?rest_route=\/wp\/v2\/product"}],"about":[{"href":"https:\/\/laippa.fi\/index.php?rest_route=\/wp\/v2\/types\/product"}],"wp:featuredmedia":[{"embeddable":true,"href":"https:\/\/laippa.fi\/index.php?rest_route=\/wp\/v2\/media\/421"}],"wp:attachment":[{"href":"https:\/\/laippa.fi\/index.php?rest_route=%2Fwp%2Fv2%2Fmedia&parent=419"}],"wp:term":[{"taxonomy":"product_brand","embeddable":true,"href":"https:\/\/laippa.fi\/index.php?rest_route=%2Fwp%2Fv2%2Fproduct_brand&post=419"},{"taxonomy":"product_cat","embeddable":true,"href":"https:\/\/laippa.fi\/index.php?rest_route=%2Fwp%2Fv2%2Fproduct_cat&post=419"},{"taxonomy":"product_tag","embeddable":true,"href":"https:\/\/laippa.fi\/index.php?rest_route=%2Fwp%2Fv2%2Fproduct_tag&post=419"},{"taxonomy":"yst_prominent_words","embeddable":true,"href":"https:\/\/laippa.fi\/index.php?rest_route=%2Fwp%2Fv2%2Fyst_prominent_words&post=419"}],"curies":[{"name":"wp","href":"https:\/\/api.w.org\/{rel}","templated":true}]}}