{"id":3073,"date":"2017-05-17T09:08:55","date_gmt":"2017-05-17T06:08:55","guid":{"rendered":"http:\/\/laippa.fi\/?post_type=product&#038;p=715"},"modified":"2025-12-28T06:14:55","modified_gmt":"2025-12-28T04:14:55","slug":"pohjaventtiili-galvanoitu-teras","status":"publish","type":"product","link":"https:\/\/laippa.fi\/?product=pohjaventtiili-galvanoitu-teras","title":{"rendered":"Pohjaventtiili letkuliittimell\u00e4, galvanoitu ter\u00e4s"},"content":{"rendered":"<p>Tekninen kuvaus:<\/p>\n<p>Pohjaventtiili letkuliittimell\u00e4 pumppuasemille sek\u00e4 kastelu ja sadetus j\u00e4rjestelmiin. Varmatoiminen pohjaventtiili, jonka ansiosta sadetus ja kastelu onnistuu varmasti.\u00a0 Pumppauksen loputtua l\u00e4pp\u00e4 sulkeutuu ennen takaisin virtauksen est\u00e4miseksi. Pohjaventtiiliss\u00e4 on imulinjan avausmekanismi.<\/p>\n<p>Hyv\u00e4t virtausominaisuudet, est\u00e4\u00e4 takaisinvirtauksen, helppohoitoinen, varaosapalvelu<\/p>\n<p>K\u00e4ytt\u00f6kohteet: vedenottamoiden imuputket, vesikaivo, kaivot, kaivannot, imulinjat, sadetus, kasteluj\u00e4rjestelm\u00e4t.<\/p>\n<p>Materiaali galvanoitu ter\u00e4s<\/p>\n<p><strong>Alla linkki toimittajan esitteeseen, jossa kaikki kokoluokat.<\/strong><\/p>\n<p><a href=\"https:\/\/laippa.fi\/wp-content\/uploads\/2017\/05\/Pohjaventtiili-letkuliittimella.pdf\">Pohjaventtiili letkuliittimell\u00e4<\/a><\/p>\n","protected":false},"excerpt":{"rendered":"<p>Pohjaventtiili letkuliittimell\u00e4 pumppuasemille. Pumppauksen loputtua l\u00e4pp\u00e4 sulkeutuu ennen takaisin virtauksen est\u00e4miseksi. Pohjaventtiiliss\u00e4 on imulinjan avausmekanismi.<\/p>\n<p>Hyv\u00e4t virtausominaisuudet, est\u00e4\u00e4 takaisinvirtauksen, helppohoitoinen, varaosapalvelu<\/p>\n<p>K\u00e4ytt\u00f6kohteet: vedenottamoiden imuputket, kaivot, kaivannot, imulinjat, sadettimet, kasteluj\u00e4rjestelm\u00e4t.<\/p>\n<p>Materiaali galvanoitu ter\u00e4s<\/p>\n","protected":false},"featured_media":720,"template":"","meta":[],"product_brand":[],"product_cat":[249],"product_tag":[],"yst_prominent_words":[],"class_list":{"0":"post-3073","1":"product","2":"type-product","3":"status-publish","4":"has-post-thumbnail","6":"product_cat-pohjaventtiilit-imusihdit","8":"first","9":"instock","10":"featured","11":"taxable","12":"shipping-taxable","13":"purchasable","14":"product-type-variable"},"_links":{"self":[{"href":"https:\/\/laippa.fi\/index.php?rest_route=\/wp\/v2\/product\/3073","targetHints":{"allow":["GET"]}}],"collection":[{"href":"https:\/\/laippa.fi\/index.php?rest_route=\/wp\/v2\/product"}],"about":[{"href":"https:\/\/laippa.fi\/index.php?rest_route=\/wp\/v2\/types\/product"}],"wp:featuredmedia":[{"embeddable":true,"href":"https:\/\/laippa.fi\/index.php?rest_route=\/wp\/v2\/media\/720"}],"wp:attachment":[{"href":"https:\/\/laippa.fi\/index.php?rest_route=%2Fwp%2Fv2%2Fmedia&parent=3073"}],"wp:term":[{"taxonomy":"product_brand","embeddable":true,"href":"https:\/\/laippa.fi\/index.php?rest_route=%2Fwp%2Fv2%2Fproduct_brand&post=3073"},{"taxonomy":"product_cat","embeddable":true,"href":"https:\/\/laippa.fi\/index.php?rest_route=%2Fwp%2Fv2%2Fproduct_cat&post=3073"},{"taxonomy":"product_tag","embeddable":true,"href":"https:\/\/laippa.fi\/index.php?rest_route=%2Fwp%2Fv2%2Fproduct_tag&post=3073"},{"taxonomy":"yst_prominent_words","embeddable":true,"href":"https:\/\/laippa.fi\/index.php?rest_route=%2Fwp%2Fv2%2Fyst_prominent_words&post=3073"}],"curies":[{"name":"wp","href":"https:\/\/api.w.org\/{rel}","templated":true}]}}