{"id":255,"date":"2017-05-04T13:02:43","date_gmt":"2017-05-04T10:02:43","guid":{"rendered":"http:\/\/laippa.fi\/?post_type=product&#038;p=255"},"modified":"2025-07-08T13:52:25","modified_gmt":"2025-07-08T11:52:25","slug":"taivutetut-paatylaipat-din2527","status":"publish","type":"product","link":"https:\/\/laippa.fi\/?product=taivutetut-paatylaipat-din2527","title":{"rendered":"Taivutetut p\u00e4\u00e4tylaipat DIN2527"},"content":{"rendered":"<p data-start=\"175\" data-end=\"259\"><strong data-start=\"175\" data-end=\"259\">Ruostumaton umpilaippa DIN 2527, PN10\/16 \u2013 Eurooppalaista laatua ja vastuullisuutta<\/strong><\/p>\n<p data-start=\"261\" data-end=\"585\">Laadukas ruostumattomasta ter\u00e4ksest\u00e4 valmistettu umpilaippa (p\u00e4\u00e4tyirtolaippa), joka t\u00e4ytt\u00e4\u00e4 DIN 2527 -standardin vaatimukset ja soveltuu paineen PN16 k\u00e4ytt\u00f6alueeseen. T\u00e4m\u00e4 umpilaippa tarjoaa erinomaisen korroosionkest\u00e4vyyden ja pitk\u00e4n k\u00e4ytt\u00f6i\u00e4n vaativissakin prosessiymp\u00e4rist\u00f6iss\u00e4, kuten teollisuuden putkistoj\u00e4rjestelmiss\u00e4.<\/p>\n<p data-start=\"587\" data-end=\"853\">&#x2705; <strong data-start=\"589\" data-end=\"615\">Valmistettu Euroopassa<\/strong> \u2013 Ei tuontia halpatuotantomaista<br data-start=\"648\" data-end=\"651\" \/>&#x2705; <strong data-start=\"653\" data-end=\"677\">Vastuullinen valinta<\/strong> \u2013 Pienemm\u00e4t logistiikka- ja valmistusp\u00e4\u00e4st\u00f6t<br data-start=\"722\" data-end=\"725\" \/>&#x2705; <strong data-start=\"727\" data-end=\"746\">DIN 2527 \/ PN10\/16<\/strong> \u2013 Standardoitu yhteensopivuus ja turvallisuus<br data-start=\"792\" data-end=\"795\" \/>&#x2705; <strong data-start=\"797\" data-end=\"816\">Kest\u00e4v\u00e4 rakenne<\/strong> \u2013 Suunniteltu pitk\u00e4ik\u00e4iseen k\u00e4ytt\u00f6\u00f6n<\/p>\n<p data-start=\"855\" data-end=\"1135\">Toisin kuin monet halpakopioita tarjoavat tuotteet, t\u00e4m\u00e4 laippa on valmistettu korkealaatuisista materiaaleista eurooppalaisilla tuotantolaitoksilla. Valitsemalla t\u00e4m\u00e4n tuotteen tuet kest\u00e4v\u00e4\u00e4 kehityst\u00e4 ja varmistat luotettavan sek\u00e4 pitk\u00e4ik\u00e4isen ratkaisun putkistoj\u00e4rjestelm\u00e4llesi.<\/p>\n<p><img fetchpriority=\"high\" decoding=\"async\" class=\"alignnone wp-image-258\" src=\"https:\/\/laippa.fi\/wp-content\/uploads\/2017\/05\/din-2527-illustrationtaulukko.jpg\" alt=\"\" width=\"628\" height=\"352\" srcset=\"https:\/\/laippa.fi\/wp-content\/uploads\/2017\/05\/din-2527-illustrationtaulukko.jpg 832w, https:\/\/laippa.fi\/wp-content\/uploads\/2017\/05\/din-2527-illustrationtaulukko-600x336.jpg 600w, https:\/\/laippa.fi\/wp-content\/uploads\/2017\/05\/din-2527-illustrationtaulukko-300x168.jpg 300w, https:\/\/laippa.fi\/wp-content\/uploads\/2017\/05\/din-2527-illustrationtaulukko-768x430.jpg 768w\" sizes=\"(max-width: 628px) 100vw, 628px\" \/><img decoding=\"async\" class=\"alignnone wp-image-256\" src=\"https:\/\/laippa.fi\/wp-content\/uploads\/2017\/05\/din-2527-taulukko.jpg\" alt=\"\" width=\"546\" height=\"600\" srcset=\"https:\/\/laippa.fi\/wp-content\/uploads\/2017\/05\/din-2527-taulukko.jpg 1444w, https:\/\/laippa.fi\/wp-content\/uploads\/2017\/05\/din-2527-taulukko-600x660.jpg 600w, https:\/\/laippa.fi\/wp-content\/uploads\/2017\/05\/din-2527-taulukko-273x300.jpg 273w, https:\/\/laippa.fi\/wp-content\/uploads\/2017\/05\/din-2527-taulukko-931x1024.jpg 931w, https:\/\/laippa.fi\/wp-content\/uploads\/2017\/05\/din-2527-taulukko-768x845.jpg 768w, https:\/\/laippa.fi\/wp-content\/uploads\/2017\/05\/din-2527-taulukko-1397x1536.jpg 1397w\" sizes=\"(max-width: 546px) 100vw, 546px\" \/><\/p>\n","protected":false},"excerpt":{"rendered":"<p>Korkealaatuinen ruostumattomasta ter\u00e4ksest\u00e4 valmistettu umpilaippa, DIN 2527, PN16. Eurooppalaista tuotantoa \u2013 kest\u00e4v\u00e4 ja vastuullinen valinta.<\/p>\n","protected":false},"featured_media":257,"template":"","meta":[],"product_brand":[],"product_cat":[244],"product_tag":[],"yst_prominent_words":[],"class_list":{"0":"post-255","1":"product","2":"type-product","3":"status-publish","4":"has-post-thumbnail","6":"product_cat-laipat","8":"first","9":"outofstock","10":"taxable","11":"shipping-taxable","12":"purchasable","13":"product-type-variable"},"_links":{"self":[{"href":"https:\/\/laippa.fi\/index.php?rest_route=\/wp\/v2\/product\/255","targetHints":{"allow":["GET"]}}],"collection":[{"href":"https:\/\/laippa.fi\/index.php?rest_route=\/wp\/v2\/product"}],"about":[{"href":"https:\/\/laippa.fi\/index.php?rest_route=\/wp\/v2\/types\/product"}],"wp:featuredmedia":[{"embeddable":true,"href":"https:\/\/laippa.fi\/index.php?rest_route=\/wp\/v2\/media\/257"}],"wp:attachment":[{"href":"https:\/\/laippa.fi\/index.php?rest_route=%2Fwp%2Fv2%2Fmedia&parent=255"}],"wp:term":[{"taxonomy":"product_brand","embeddable":true,"href":"https:\/\/laippa.fi\/index.php?rest_route=%2Fwp%2Fv2%2Fproduct_brand&post=255"},{"taxonomy":"product_cat","embeddable":true,"href":"https:\/\/laippa.fi\/index.php?rest_route=%2Fwp%2Fv2%2Fproduct_cat&post=255"},{"taxonomy":"product_tag","embeddable":true,"href":"https:\/\/laippa.fi\/index.php?rest_route=%2Fwp%2Fv2%2Fproduct_tag&post=255"},{"taxonomy":"yst_prominent_words","embeddable":true,"href":"https:\/\/laippa.fi\/index.php?rest_route=%2Fwp%2Fv2%2Fyst_prominent_words&post=255"}],"curies":[{"name":"wp","href":"https:\/\/api.w.org\/{rel}","templated":true}]}}