{"id":2110,"date":"2021-06-17T09:40:01","date_gmt":"2021-06-17T06:40:01","guid":{"rendered":"https:\/\/laippa.fi\/?post_type=product&#038;p=2110"},"modified":"2025-12-12T12:57:39","modified_gmt":"2025-12-12T10:57:39","slug":"kaksiosainen-laippa-rst-hst-putkelle","status":"publish","type":"product","link":"https:\/\/laippa.fi\/?product=kaksiosainen-laippa-rst-hst-putkelle","title":{"rendered":"Kaksiosainen laippa RST\/HST putkelle"},"content":{"rendered":"<div>Kaksiosainen laippa on t\u00e4ysin korroosionkest\u00e4v\u00e4\u00e4, kevytt\u00e4 sek\u00e4 kierr\u00e4tett\u00e4v\u00e4\u00e4 materiaalia. Laippa on nopea asentaa suoraan asennuspaikalla, jonka ansiosta putkien kuljetuspaino on pienempi.<\/div>\n<div><\/div>\n<div><\/div>\n<div><\/div>\n<div>Materiaali: Symalift, lasikuituvahvisteinen polypropyleeni<\/div>\n<p>&nbsp;<\/p>\n<div><\/div>\n<div><\/div>\n<div>Paineluokka: DN80\u2013DN150 PN16, DN200 PN10<\/div>\n<p>&nbsp;<\/p>\n<div><\/div>\n<div><\/div>\n<div>K\u00e4ytt\u00f6l\u00e4mp\u00f6tila: -40\u00b0C &#8230; +80\u00b0C<\/div>\n<p><a href=\"https:\/\/laippa.fi\/wp-content\/uploads\/2021\/03\/Kaksiosaiset-halkaistut-laipat.pdf\">Katso tarkemmat tiedot esitteest\u00e4mme.<\/a><\/p>\n","protected":false},"excerpt":{"rendered":"<p>Kaksiosainen laippa voidaan asentaa sek\u00e4 putken sivu- ett\u00e4 pituussuunnassa kaulustettuun putkeen, ja se mahdollistaa pienempien l\u00e4pivientireikien teon niin v\u00e4lipohjissa kuin seiniss\u00e4. Lis\u00e4ksi se parantaa ty\u00f6turvallisuutta, sill\u00e4 se poistaa mahdollisuuden liukuvien laippojen sormiin kohdistuvista iskuista.<\/p>\n<p>Halkaistulla laipalla voidaan korvata vaurioitunut irtolaippa, k\u00e4ytt\u00e4m\u00e4ll\u00e4 hyv\u00e4ksi olemassa olevaa putken kaulusta. Irtolaippojen suurin syy vaurioitumiseen on v\u00e4\u00e4r\u00e4 materiaali valinta. Yleisin korvattava laippamateriaali on silumiini tai alumiini.<\/p>\n","protected":false},"featured_media":2116,"template":"","meta":[],"product_brand":[],"product_cat":[240],"product_tag":[],"yst_prominent_words":[],"class_list":{"0":"post-2110","1":"product","2":"type-product","3":"status-publish","4":"has-post-thumbnail","6":"product_cat-halkaistavat_irtolaipat","8":"first","9":"instock","10":"featured","11":"taxable","12":"shipping-taxable","13":"purchasable","14":"product-type-variable"},"_links":{"self":[{"href":"https:\/\/laippa.fi\/index.php?rest_route=\/wp\/v2\/product\/2110","targetHints":{"allow":["GET"]}}],"collection":[{"href":"https:\/\/laippa.fi\/index.php?rest_route=\/wp\/v2\/product"}],"about":[{"href":"https:\/\/laippa.fi\/index.php?rest_route=\/wp\/v2\/types\/product"}],"wp:featuredmedia":[{"embeddable":true,"href":"https:\/\/laippa.fi\/index.php?rest_route=\/wp\/v2\/media\/2116"}],"wp:attachment":[{"href":"https:\/\/laippa.fi\/index.php?rest_route=%2Fwp%2Fv2%2Fmedia&parent=2110"}],"wp:term":[{"taxonomy":"product_brand","embeddable":true,"href":"https:\/\/laippa.fi\/index.php?rest_route=%2Fwp%2Fv2%2Fproduct_brand&post=2110"},{"taxonomy":"product_cat","embeddable":true,"href":"https:\/\/laippa.fi\/index.php?rest_route=%2Fwp%2Fv2%2Fproduct_cat&post=2110"},{"taxonomy":"product_tag","embeddable":true,"href":"https:\/\/laippa.fi\/index.php?rest_route=%2Fwp%2Fv2%2Fproduct_tag&post=2110"},{"taxonomy":"yst_prominent_words","embeddable":true,"href":"https:\/\/laippa.fi\/index.php?rest_route=%2Fwp%2Fv2%2Fyst_prominent_words&post=2110"}],"curies":[{"name":"wp","href":"https:\/\/api.w.org\/{rel}","templated":true}]}}