{"id":2087,"date":"2021-06-16T13:39:51","date_gmt":"2021-06-16T10:39:51","guid":{"rendered":"https:\/\/laippa.fi\/?post_type=product&#038;p=2087"},"modified":"2025-12-12T13:32:28","modified_gmt":"2025-12-12T11:32:28","slug":"kaksiosainen-alfa-laippa-muoviputkille","status":"publish","type":"product","link":"https:\/\/laippa.fi\/?product=kaksiosainen-alfa-laippa-muoviputkille","title":{"rendered":"Kaksiosainen Alfa-laippa muoviputkille"},"content":{"rendered":"<div>Kaksiosainen Alfa-laippa on t\u00e4ysin korroosionkest\u00e4v\u00e4\u00e4, kevytt\u00e4 sek\u00e4 kierr\u00e4tett\u00e4v\u00e4\u00e4 materiaalia. Laippa on nopea asentaa suoraan asennuspaikalla, jonka ansiosta putkien kuljetuspaino on pienempi. T\u00e4m\u00e4 laippa on tarkoitettu muoviputkistoon, jossa PE100 kaulus on leve\u00e4mpi. Katso kauluksen kuva.<\/div>\n<p>&nbsp;<\/p>\n<div>Materiaali: lasikuitu<\/div>\n<p>&nbsp;<\/p>\n<div>Paineluokka: DN40\u2013DN150 PN16<\/div>\n<p>&nbsp;<\/p>\n<div>K\u00e4ytt\u00f6l\u00e4mp\u00f6tila: -40\u00b0C &#8230; +80\u00b0C<\/div>\n<p><a href=\"https:\/\/laippa.fi\/wp-content\/uploads\/2021\/03\/Kaksiosaiset-halkaistut-laipat.pdf\">Katso tarkemmat tiedot esitteest\u00e4mme.<\/a><\/p>\n","protected":false},"excerpt":{"rendered":"<p>Kaksiosainen Alfa-laippa voidaan asentaa sek\u00e4 putken sivu- ett\u00e4 pituussuunnassa kaulustettuun putkeen, ja se mahdollistaa pienempien l\u00e4pivientireikien teon niin v\u00e4lipohjissa kuin seiniss\u00e4. Lis\u00e4ksi se parantaa ty\u00f6turvallisuutta, sill\u00e4 se poistaa mahdollisuuden liukuvien laippojen sormiin kohdistuvista iskuista.<\/p>\n","protected":false},"featured_media":2107,"template":"","meta":[],"product_brand":[],"product_cat":[240],"product_tag":[],"yst_prominent_words":[],"class_list":{"0":"post-2087","1":"product","2":"type-product","3":"status-publish","4":"has-post-thumbnail","6":"product_cat-halkaistavat_irtolaipat","8":"first","9":"instock","10":"taxable","11":"shipping-taxable","12":"purchasable","13":"product-type-variable","14":"has-default-attributes"},"_links":{"self":[{"href":"https:\/\/laippa.fi\/index.php?rest_route=\/wp\/v2\/product\/2087","targetHints":{"allow":["GET"]}}],"collection":[{"href":"https:\/\/laippa.fi\/index.php?rest_route=\/wp\/v2\/product"}],"about":[{"href":"https:\/\/laippa.fi\/index.php?rest_route=\/wp\/v2\/types\/product"}],"wp:featuredmedia":[{"embeddable":true,"href":"https:\/\/laippa.fi\/index.php?rest_route=\/wp\/v2\/media\/2107"}],"wp:attachment":[{"href":"https:\/\/laippa.fi\/index.php?rest_route=%2Fwp%2Fv2%2Fmedia&parent=2087"}],"wp:term":[{"taxonomy":"product_brand","embeddable":true,"href":"https:\/\/laippa.fi\/index.php?rest_route=%2Fwp%2Fv2%2Fproduct_brand&post=2087"},{"taxonomy":"product_cat","embeddable":true,"href":"https:\/\/laippa.fi\/index.php?rest_route=%2Fwp%2Fv2%2Fproduct_cat&post=2087"},{"taxonomy":"product_tag","embeddable":true,"href":"https:\/\/laippa.fi\/index.php?rest_route=%2Fwp%2Fv2%2Fproduct_tag&post=2087"},{"taxonomy":"yst_prominent_words","embeddable":true,"href":"https:\/\/laippa.fi\/index.php?rest_route=%2Fwp%2Fv2%2Fyst_prominent_words&post=2087"}],"curies":[{"name":"wp","href":"https:\/\/api.w.org\/{rel}","templated":true}]}}