{"id":194,"date":"2017-05-02T10:10:03","date_gmt":"2017-05-02T07:10:03","guid":{"rendered":"http:\/\/laippa.fi\/?post_type=product&#038;p=194"},"modified":"2025-07-15T07:10:08","modified_gmt":"2025-07-15T05:10:08","slug":"taivutetut-kierrelaipat-din2566","status":"publish","type":"product","link":"https:\/\/laippa.fi\/?product=taivutetut-kierrelaipat-din2566","title":{"rendered":"Taivutetut kierrelaipat DIN2566"},"content":{"rendered":"<p data-start=\"171\" data-end=\"264\"><strong data-start=\"171\" data-end=\"264\">Ruostumaton kierrelaippa DIN 2566, PN16 \u2013 Helppoa liitett\u00e4vyytt\u00e4 ja eurooppalaista laatua<\/strong><\/p>\n<p data-start=\"266\" data-end=\"561\">DIN 2566 -standardin mukainen ruostumattomasta ter\u00e4ksest\u00e4 valmistettu kierrelaippa (Threaded Flange), joka on suunniteltu PN16-painealueelle. Kierrelaippa mahdollistaa putkiston liitt\u00e4misen ilman hitsausta \u2013 ihanteellinen ratkaisu huoltoa vaativiin kohteisiin tai kun hitsaus ei ole mahdollista.<\/p>\n<p data-start=\"563\" data-end=\"848\">&#x2705; <strong data-start=\"565\" data-end=\"591\">Valmistettu Euroopassa<\/strong> \u2013 vastuullinen tuotantoprosessi ja korkea laatu<br data-start=\"639\" data-end=\"642\" \/>&#x2705; <strong data-start=\"644\" data-end=\"663\">DIN 2566 \/ PN16<\/strong> \u2013 standardinmukainen yhteensopivuus ja turvallisuus<br data-start=\"715\" data-end=\"718\" \/>&#x2705; <strong data-start=\"720\" data-end=\"738\">Helppo asennus<\/strong> \u2013 kierreosa ilman hitsausta<br data-start=\"769\" data-end=\"772\" \/>&#x2705; <strong data-start=\"774\" data-end=\"793\">Kest\u00e4v\u00e4 rakenne<\/strong> \u2013 erinomainen korroosionkest\u00e4vyys ja mekaaninen lujuus<\/p>\n<p data-start=\"850\" data-end=\"1139\">Toisin kuin halpatuontituotteet, n\u00e4m\u00e4 kierrelaipat valmistetaan eurooppalaisilla tehtailla, joissa painotetaan laatua ja ymp\u00e4rist\u00f6vastuuta. Valitsemalla eurooppalaisen vaihtoehdon v\u00e4henn\u00e4t toimitusketjun p\u00e4\u00e4st\u00f6j\u00e4 ja tuet kest\u00e4v\u00e4\u00e4 kehityst\u00e4 \u2013 ilman kompromisseja teknisess\u00e4 suorituskyvyss\u00e4.<\/p>\n<p><img fetchpriority=\"high\" decoding=\"async\" class=\"alignnone  wp-image-252\" src=\"https:\/\/laippa.fi\/wp-content\/uploads\/2017\/05\/din-2566-illustrationtaulukko.jpg\" alt=\"\" width=\"515\" height=\"218\" srcset=\"https:\/\/laippa.fi\/wp-content\/uploads\/2017\/05\/din-2566-illustrationtaulukko.jpg 931w, https:\/\/laippa.fi\/wp-content\/uploads\/2017\/05\/din-2566-illustrationtaulukko-600x254.jpg 600w, https:\/\/laippa.fi\/wp-content\/uploads\/2017\/05\/din-2566-illustrationtaulukko-300x127.jpg 300w, https:\/\/laippa.fi\/wp-content\/uploads\/2017\/05\/din-2566-illustrationtaulukko-768x325.jpg 768w\" sizes=\"(max-width: 515px) 100vw, 515px\" \/><img decoding=\"async\" class=\"alignnone wp-image-183\" src=\"https:\/\/laippa.fi\/wp-content\/uploads\/2017\/04\/din-2566-taulukko.jpg\" alt=\"\" width=\"522\" height=\"361\" srcset=\"https:\/\/laippa.fi\/wp-content\/uploads\/2017\/04\/din-2566-taulukko.jpg 1453w, https:\/\/laippa.fi\/wp-content\/uploads\/2017\/04\/din-2566-taulukko-600x415.jpg 600w, https:\/\/laippa.fi\/wp-content\/uploads\/2017\/04\/din-2566-taulukko-300x208.jpg 300w, https:\/\/laippa.fi\/wp-content\/uploads\/2017\/04\/din-2566-taulukko-1024x709.jpg 1024w, https:\/\/laippa.fi\/wp-content\/uploads\/2017\/04\/din-2566-taulukko-768x532.jpg 768w\" sizes=\"(max-width: 522px) 100vw, 522px\" \/><\/p>\n","protected":false},"excerpt":{"rendered":"<p>Ruostumaton kierrelaippa DIN 2566, PN16. Eurooppalainen vaihtoehto, joka tarjoaa helpon asennuksen ja kest\u00e4v\u00e4n rakenteen.<\/p>\n","protected":false},"featured_media":196,"template":"","meta":[],"product_brand":[],"product_cat":[244],"product_tag":[],"yst_prominent_words":[],"class_list":{"0":"post-194","1":"product","2":"type-product","3":"status-publish","4":"has-post-thumbnail","6":"product_cat-laipat","8":"first","9":"instock","10":"taxable","11":"shipping-taxable","12":"purchasable","13":"product-type-variable"},"_links":{"self":[{"href":"https:\/\/laippa.fi\/index.php?rest_route=\/wp\/v2\/product\/194","targetHints":{"allow":["GET"]}}],"collection":[{"href":"https:\/\/laippa.fi\/index.php?rest_route=\/wp\/v2\/product"}],"about":[{"href":"https:\/\/laippa.fi\/index.php?rest_route=\/wp\/v2\/types\/product"}],"wp:featuredmedia":[{"embeddable":true,"href":"https:\/\/laippa.fi\/index.php?rest_route=\/wp\/v2\/media\/196"}],"wp:attachment":[{"href":"https:\/\/laippa.fi\/index.php?rest_route=%2Fwp%2Fv2%2Fmedia&parent=194"}],"wp:term":[{"taxonomy":"product_brand","embeddable":true,"href":"https:\/\/laippa.fi\/index.php?rest_route=%2Fwp%2Fv2%2Fproduct_brand&post=194"},{"taxonomy":"product_cat","embeddable":true,"href":"https:\/\/laippa.fi\/index.php?rest_route=%2Fwp%2Fv2%2Fproduct_cat&post=194"},{"taxonomy":"product_tag","embeddable":true,"href":"https:\/\/laippa.fi\/index.php?rest_route=%2Fwp%2Fv2%2Fproduct_tag&post=194"},{"taxonomy":"yst_prominent_words","embeddable":true,"href":"https:\/\/laippa.fi\/index.php?rest_route=%2Fwp%2Fv2%2Fyst_prominent_words&post=194"}],"curies":[{"name":"wp","href":"https:\/\/api.w.org\/{rel}","templated":true}]}}