{"id":159,"date":"2017-04-28T11:57:17","date_gmt":"2017-04-28T08:57:17","guid":{"rendered":"http:\/\/laippa.fi\/?post_type=product&#038;p=159"},"modified":"2024-03-25T11:18:47","modified_gmt":"2024-03-25T09:18:47","slug":"irtolaipat","status":"publish","type":"product","link":"https:\/\/laippa.fi\/?product=irtolaipat","title":{"rendered":"Taivutetut irtolaipat DIN2642"},"content":{"rendered":"<p><a href=\"https:\/\/laippa.fi\/wp-content\/uploads\/2017\/04\/taivutettu_irtolaippa.pdf\" target=\"_blank\" rel=\"noopener\">Katso tarkemmat tiedot esitteest\u00e4mme.<\/a><\/p>\n<p><img fetchpriority=\"high\" decoding=\"async\" class=\"alignnone wp-image-253\" src=\"https:\/\/laippa.fi\/wp-content\/uploads\/2017\/04\/din-2642-illustrationtaulukko.jpg\" alt=\"\" width=\"526\" height=\"295\" srcset=\"https:\/\/laippa.fi\/wp-content\/uploads\/2017\/04\/din-2642-illustrationtaulukko.jpg 900w, https:\/\/laippa.fi\/wp-content\/uploads\/2017\/04\/din-2642-illustrationtaulukko-600x337.jpg 600w, https:\/\/laippa.fi\/wp-content\/uploads\/2017\/04\/din-2642-illustrationtaulukko-300x168.jpg 300w, https:\/\/laippa.fi\/wp-content\/uploads\/2017\/04\/din-2642-illustrationtaulukko-768x431.jpg 768w\" sizes=\"(max-width: 526px) 100vw, 526px\" \/><\/p>\n<p>Irtolaippoilla on yksinkertainen rakenne, jossa laippa liukuu putken yli kirist\u00e4en putken kauluksen tiivisteen avulla seuraavaan laippaan. T\u00e4m\u00e4 liukurakenne mahdollistaa helpon kohdistuksen asennuksen aikana. Se on yksi yleisimmist\u00e4 putkistoj\u00e4rjestelmiss\u00e4 k\u00e4ytetyist\u00e4 laippatyypeist\u00e4.<\/p>\n<p>Paineluokista meilt\u00e4 l\u00f6ytyv\u00e4t taivutetuissa irtolaipoissa PN10 ja PN16. Materiaalit, taivutetut irtolaipat valmistetaan ruostumattomasta ja haponkest\u00e4v\u00e4st\u00e4 ter\u00e4ksest\u00e4.<\/p>\n<p>Irtolaippoilla on yksinkertainen rakenne, jossa laippa liukuu putken yli kirist\u00e4en putken kauluksen tiivisteen avulla seuraavaan laippaan. T\u00e4m\u00e4 liukurakenne mahdollistaa helpon kohdistuksen asennuksen aikana. Se on yksi yleisimmist\u00e4 putkistoj\u00e4rjestelmiss\u00e4 k\u00e4ytetyist\u00e4 laippatyypeist\u00e4.<\/p>\n<p>Irtolaippoja k\u00e4ytet\u00e4\u00e4n yleisesti useilla teollisuudenaloilla, kuten \u00f6ljy- ja kaasuteollisuudessa, kemianteollisuudessa, petrokemianteollisuudessa, s\u00e4hk\u00f6ntuotannossa ja vedenk\u00e4sittelyss\u00e4. Niit\u00e4 k\u00e4ytet\u00e4\u00e4n putkien tai liitososien yhdist\u00e4miseen putkistossa, mik\u00e4 mahdollistaa helpon kokoamisen ja purkamisen, kun sit\u00e4 tarvitaan huoltoa tai muutoksia varten.<\/p>\n<p>Taivutetu irtolaipat tarjoavat monipuolisen ja luotettavan tavan liitt\u00e4\u00e4 putkia tai liittimi\u00e4 putkistoj\u00e4rjestelmiss\u00e4, mik\u00e4 helpottaa asennusta ja huoltoa ja varmistaa samalla turvallisen ja vuotamattoman liit\u00e4nn\u00e4n.<\/p>\n<p>&nbsp;<\/p>\n","protected":false},"excerpt":{"rendered":"<p>Taivutetut irtolaipat valmistetaan EU:n alueella ja toimitetaan materiaalitodistusten kera tarvittaessa.<\/p>\n","protected":false},"featured_media":195,"template":"","meta":[],"product_brand":[],"product_cat":[244],"product_tag":[],"yst_prominent_words":[],"class_list":{"0":"post-159","1":"product","2":"type-product","3":"status-publish","4":"has-post-thumbnail","6":"product_cat-laipat","8":"first","9":"onbackorder","10":"taxable","11":"shipping-taxable","12":"purchasable","13":"product-type-variable"},"_links":{"self":[{"href":"https:\/\/laippa.fi\/index.php?rest_route=\/wp\/v2\/product\/159","targetHints":{"allow":["GET"]}}],"collection":[{"href":"https:\/\/laippa.fi\/index.php?rest_route=\/wp\/v2\/product"}],"about":[{"href":"https:\/\/laippa.fi\/index.php?rest_route=\/wp\/v2\/types\/product"}],"wp:featuredmedia":[{"embeddable":true,"href":"https:\/\/laippa.fi\/index.php?rest_route=\/wp\/v2\/media\/195"}],"wp:attachment":[{"href":"https:\/\/laippa.fi\/index.php?rest_route=%2Fwp%2Fv2%2Fmedia&parent=159"}],"wp:term":[{"taxonomy":"product_brand","embeddable":true,"href":"https:\/\/laippa.fi\/index.php?rest_route=%2Fwp%2Fv2%2Fproduct_brand&post=159"},{"taxonomy":"product_cat","embeddable":true,"href":"https:\/\/laippa.fi\/index.php?rest_route=%2Fwp%2Fv2%2Fproduct_cat&post=159"},{"taxonomy":"product_tag","embeddable":true,"href":"https:\/\/laippa.fi\/index.php?rest_route=%2Fwp%2Fv2%2Fproduct_tag&post=159"},{"taxonomy":"yst_prominent_words","embeddable":true,"href":"https:\/\/laippa.fi\/index.php?rest_route=%2Fwp%2Fv2%2Fyst_prominent_words&post=159"}],"curies":[{"name":"wp","href":"https:\/\/api.w.org\/{rel}","templated":true}]}}