{"id":777,"date":"2017-06-13T08:55:56","date_gmt":"2017-06-13T05:55:56","guid":{"rendered":"http:\/\/laippa.fi\/?page_id=777"},"modified":"2023-08-23T08:06:28","modified_gmt":"2023-08-23T08:06:28","slug":"uutiset","status":"publish","type":"page","link":"https:\/\/laippa.fi\/?page_id=777","title":{"rendered":"Ajankohtaista"},"content":{"rendered":"\t\t<div data-elementor-type=\"wp-page\" data-elementor-id=\"777\" class=\"elementor elementor-777\" data-elementor-post-type=\"page\">\n\t\t\t\t\t\t<section class=\"elementor-section elementor-top-section elementor-element elementor-element-48bcdee elementor-section-boxed elementor-section-height-default elementor-section-height-default\" data-id=\"48bcdee\" data-element_type=\"section\" data-e-type=\"section\" data-settings=\"{&quot;background_background&quot;:&quot;classic&quot;}\">\n\t\t\t\t\t\t<div class=\"elementor-container elementor-column-gap-default\">\n\t\t\t\t\t<div class=\"elementor-column elementor-col-100 elementor-top-column elementor-element elementor-element-943ce9d\" data-id=\"943ce9d\" data-element_type=\"column\" data-e-type=\"column\">\n\t\t\t<div class=\"elementor-widget-wrap elementor-element-populated\">\n\t\t\t\t\t\t<div class=\"elementor-element elementor-element-9592f55 elementor-widget elementor-widget-spacer\" data-id=\"9592f55\" data-element_type=\"widget\" data-e-type=\"widget\" data-widget_type=\"spacer.default\">\n\t\t\t\t<div class=\"elementor-widget-container\">\n\t\t\t\t\t\t\t<div class=\"elementor-spacer\">\n\t\t\t<div class=\"elementor-spacer-inner\"><\/div>\n\t\t<\/div>\n\t\t\t\t\t\t<\/div>\n\t\t\t\t<\/div>\n\t\t\t\t<div class=\"elementor-element elementor-element-c52c2e1 elementor-widget elementor-widget-text-editor\" data-id=\"c52c2e1\" data-element_type=\"widget\" data-e-type=\"widget\" data-widget_type=\"text-editor.default\">\n\t\t\t\t<div class=\"elementor-widget-container\">\n\t\t\t\t\t\t\t\t\t<h3>AJANKOHTAISTA<\/h3>\t\t\t\t\t\t\t\t<\/div>\n\t\t\t\t<\/div>\n\t\t\t\t<div class=\"elementor-element elementor-element-a7d7bf2 elementor-widget elementor-widget-spacer\" data-id=\"a7d7bf2\" data-element_type=\"widget\" data-e-type=\"widget\" data-widget_type=\"spacer.default\">\n\t\t\t\t<div class=\"elementor-widget-container\">\n\t\t\t\t\t\t\t<div class=\"elementor-spacer\">\n\t\t\t<div class=\"elementor-spacer-inner\"><\/div>\n\t\t<\/div>\n\t\t\t\t\t\t<\/div>\n\t\t\t\t<\/div>\n\t\t\t\t\t<\/div>\n\t\t<\/div>\n\t\t\t\t\t<\/div>\n\t\t<\/section>\n\t\t\t\t<section class=\"elementor-section elementor-top-section elementor-element elementor-element-5b42b8a7 elementor-section-boxed elementor-section-height-default elementor-section-height-default\" data-id=\"5b42b8a7\" data-element_type=\"section\" data-e-type=\"section\">\n\t\t\t\t\t\t<div class=\"elementor-container elementor-column-gap-default\">\n\t\t\t\t\t<div class=\"elementor-column elementor-col-100 elementor-top-column elementor-element elementor-element-13263f1c\" data-id=\"13263f1c\" data-element_type=\"column\" data-e-type=\"column\">\n\t\t\t<div class=\"elementor-widget-wrap elementor-element-populated\">\n\t\t\t\t\t\t<div class=\"elementor-element elementor-element-8dfc95e elementor-widget elementor-widget-spacer\" data-id=\"8dfc95e\" data-element_type=\"widget\" data-e-type=\"widget\" data-widget_type=\"spacer.default\">\n\t\t\t\t<div class=\"elementor-widget-container\">\n\t\t\t\t\t\t\t<div class=\"elementor-spacer\">\n\t\t\t<div class=\"elementor-spacer-inner\"><\/div>\n\t\t<\/div>\n\t\t\t\t\t\t<\/div>\n\t\t\t\t<\/div>\n\t\t\t\t\t<\/div>\n\t\t<\/div>\n\t\t\t\t\t<\/div>\n\t\t<\/section>\n\t\t\t\t<section class=\"elementor-section elementor-top-section elementor-element elementor-element-6e81651 elementor-section-boxed elementor-section-height-default elementor-section-height-default\" data-id=\"6e81651\" data-element_type=\"section\" data-e-type=\"section\">\n\t\t\t\t\t\t<div class=\"elementor-container elementor-column-gap-default\">\n\t\t\t\t\t<div class=\"elementor-column elementor-col-100 elementor-top-column elementor-element elementor-element-0c2b573\" data-id=\"0c2b573\" data-element_type=\"column\" data-e-type=\"column\">\n\t\t\t<div class=\"elementor-widget-wrap elementor-element-populated\">\n\t\t\t\t\t\t<div class=\"elementor-element elementor-element-d5bb288 elementor-grid-2 elementor-grid-tablet-2 elementor-grid-mobile-1 elementor-posts--thumbnail-top elementor-card-shadow-yes elementor-posts__hover-gradient elementor-widget elementor-widget-posts\" data-id=\"d5bb288\" data-element_type=\"widget\" data-e-type=\"widget\" data-settings=\"{&quot;cards_columns&quot;:&quot;2&quot;,&quot;cards_columns_tablet&quot;:&quot;2&quot;,&quot;cards_columns_mobile&quot;:&quot;1&quot;,&quot;cards_row_gap&quot;:{&quot;unit&quot;:&quot;px&quot;,&quot;size&quot;:35,&quot;sizes&quot;:[]},&quot;cards_row_gap_tablet&quot;:{&quot;unit&quot;:&quot;px&quot;,&quot;size&quot;:&quot;&quot;,&quot;sizes&quot;:[]},&quot;cards_row_gap_mobile&quot;:{&quot;unit&quot;:&quot;px&quot;,&quot;size&quot;:&quot;&quot;,&quot;sizes&quot;:[]}}\" data-widget_type=\"posts.cards\">\n\t\t\t\t<div class=\"elementor-widget-container\">\n\t\t\t\t\t\t\t<div class=\"elementor-posts-container elementor-posts elementor-posts--skin-cards elementor-grid\" role=\"list\">\n\t\t\t\t<article class=\"elementor-post elementor-grid-item post-3602 post type-post status-publish format-standard has-post-thumbnail hentry category-uncategorized category-uutiset tag-irtolaippa tag-taivutettu-laippa\" role=\"listitem\">\n\t\t\t<div class=\"elementor-post__card\">\n\t\t\t\t<a class=\"elementor-post__thumbnail__link\" href=\"https:\/\/laippa.fi\/?p=3602\" tabindex=\"-1\" ><div class=\"elementor-post__thumbnail\"><img fetchpriority=\"high\" decoding=\"async\" width=\"225\" height=\"300\" src=\"https:\/\/laippa.fi\/wp-content\/uploads\/2024\/03\/1711135716609-225x300.jpeg\" class=\"attachment-medium size-medium wp-image-3603\" alt=\"Taivutetut DN700-1000 irtolaipat\" srcset=\"https:\/\/laippa.fi\/wp-content\/uploads\/2024\/03\/1711135716609-225x300.jpeg 225w, https:\/\/laippa.fi\/wp-content\/uploads\/2024\/03\/1711135716609-768x1024.jpeg 768w, https:\/\/laippa.fi\/wp-content\/uploads\/2024\/03\/1711135716609-600x800.jpeg 600w, https:\/\/laippa.fi\/wp-content\/uploads\/2024\/03\/1711135716609.jpeg 1125w\" sizes=\"(max-width: 225px) 100vw, 225px\" \/><\/div><\/a>\n\t\t\t\t<div class=\"elementor-post__text\">\n\t\t\t\t<h3 class=\"elementor-post__title\">\n\t\t\t<a href=\"https:\/\/laippa.fi\/?p=3602\" >\n\t\t\t\tSuuret irtolaipat\t\t\t<\/a>\n\t\t<\/h3>\n\t\t\t\t<div class=\"elementor-post__excerpt\">\n\t\t\t<p>Tiesith\u00e4n, ett\u00e4 taivutettuja laippoja saa nyt my\u00f6s isommissa kokoluokissa esim. PN10 DN700, DN800, DN900 ja DN1000. Irtolaipat valmistetaan Espanjassa p\u00e4\u00e4miehemme<\/p>\n\t\t<\/div>\n\t\t\t\t\t<div class=\"elementor-post__read-more-wrapper\">\n\t\t\n\t\t<a class=\"elementor-post__read-more\" href=\"https:\/\/laippa.fi\/?p=3602\" aria-label=\"Read more about Suuret irtolaipat\" tabindex=\"-1\" >\n\t\t\tLue lis\u00e4\u00e4 \u00bb\t\t<\/a>\n\n\t\t\t\t\t<\/div>\n\t\t\t\t<\/div>\n\t\t\t\t<div class=\"elementor-post__meta-data\">\n\t\t\t\t\t<span class=\"elementor-post-date\">\n\t\t\t25 maaliskuun, 2024\t\t<\/span>\n\t\t\t\t<\/div>\n\t\t\t\t\t<\/div>\n\t\t<\/article>\n\t\t\t\t<article class=\"elementor-post elementor-grid-item post-1175 post type-post status-publish format-standard has-post-thumbnail hentry category-yleinen\" role=\"listitem\">\n\t\t\t<div class=\"elementor-post__card\">\n\t\t\t\t<a class=\"elementor-post__thumbnail__link\" href=\"https:\/\/laippa.fi\/?p=1175\" tabindex=\"-1\" ><div class=\"elementor-post__thumbnail\"><img decoding=\"async\" width=\"211\" height=\"300\" src=\"https:\/\/laippa.fi\/wp-content\/uploads\/2021\/03\/kaksiosainen-laippa-esite-kansi-211x300.jpeg\" class=\"attachment-medium size-medium wp-image-3526\" alt=\"\" srcset=\"https:\/\/laippa.fi\/wp-content\/uploads\/2021\/03\/kaksiosainen-laippa-esite-kansi-211x300.jpeg 211w, https:\/\/laippa.fi\/wp-content\/uploads\/2021\/03\/kaksiosainen-laippa-esite-kansi-600x851.jpeg 600w, https:\/\/laippa.fi\/wp-content\/uploads\/2021\/03\/kaksiosainen-laippa-esite-kansi.jpeg 609w\" sizes=\"(max-width: 211px) 100vw, 211px\" \/><\/div><\/a>\n\t\t\t\t<div class=\"elementor-post__text\">\n\t\t\t\t<h3 class=\"elementor-post__title\">\n\t\t\t<a href=\"https:\/\/laippa.fi\/?p=1175\" >\n\t\t\t\tH\u00e4visik\u00f6 irtolaippa? Halkaistu kaksiosainen laippa auttaa\t\t\t<\/a>\n\t\t<\/h3>\n\t\t\t\t<div class=\"elementor-post__excerpt\">\n\t\t\t<p>Kaksiosaiset halkaistut laipat Lataa esitteemme ja pyyd\u00e4 hintalista myyj\u00e4lt\u00e4mme. S\u00e4hk\u00f6posti info@laippa.fi tai puhelin 050-3389030.<\/p>\n\t\t<\/div>\n\t\t\t\t\t<div class=\"elementor-post__read-more-wrapper\">\n\t\t\n\t\t<a class=\"elementor-post__read-more\" href=\"https:\/\/laippa.fi\/?p=1175\" aria-label=\"Read more about H\u00e4visik\u00f6 irtolaippa? Halkaistu kaksiosainen laippa auttaa\" tabindex=\"-1\" >\n\t\t\tLue lis\u00e4\u00e4 \u00bb\t\t<\/a>\n\n\t\t\t\t\t<\/div>\n\t\t\t\t<\/div>\n\t\t\t\t<div class=\"elementor-post__meta-data\">\n\t\t\t\t\t<span class=\"elementor-post-date\">\n\t\t\t3 maaliskuun, 2021\t\t<\/span>\n\t\t\t\t<\/div>\n\t\t\t\t\t<\/div>\n\t\t<\/article>\n\t\t\t\t<article class=\"elementor-post elementor-grid-item post-1018 post type-post status-publish format-standard has-post-thumbnail hentry category-yleinen\" role=\"listitem\">\n\t\t\t<div class=\"elementor-post__card\">\n\t\t\t\t<a class=\"elementor-post__thumbnail__link\" href=\"https:\/\/laippa.fi\/?p=1018\" tabindex=\"-1\" ><div class=\"elementor-post__thumbnail\"><img decoding=\"async\" width=\"300\" height=\"214\" src=\"https:\/\/laippa.fi\/wp-content\/uploads\/2023\/08\/aktiivihiili2-300x214.jpg\" class=\"attachment-medium size-medium wp-image-3520\" alt=\"\" srcset=\"https:\/\/laippa.fi\/wp-content\/uploads\/2023\/08\/aktiivihiili2-300x214.jpg 300w, https:\/\/laippa.fi\/wp-content\/uploads\/2023\/08\/aktiivihiili2-1024x730.jpg 1024w, https:\/\/laippa.fi\/wp-content\/uploads\/2023\/08\/aktiivihiili2-768x547.jpg 768w, https:\/\/laippa.fi\/wp-content\/uploads\/2023\/08\/aktiivihiili2-600x427.jpg 600w, https:\/\/laippa.fi\/wp-content\/uploads\/2023\/08\/aktiivihiili2.jpg 1193w\" sizes=\"(max-width: 300px) 100vw, 300px\" \/><\/div><\/a>\n\t\t\t\t<div class=\"elementor-post__text\">\n\t\t\t\t<h3 class=\"elementor-post__title\">\n\t\t\t<a href=\"https:\/\/laippa.fi\/?p=1018\" >\n\t\t\t\tAktiivihiili.fi \u2013 puhtaamman veden puolesta\t\t\t<\/a>\n\t\t<\/h3>\n\t\t\t\t<div class=\"elementor-post__excerpt\">\n\t\t\t<p>Aktiivihiili.fi \u2013 puhtaamman veden puolesta Aktiivihiili tarjoaa tehokkaan puhdistuskeinon erilaisiin puhdistusprosesseihin vesilaitoksilla ja j\u00e4tevedenpuhdistamoissa.\u00a0Sit\u00e4 k\u00e4ytet\u00e4\u00e4n pohjavesilaitosten ja vedenottamoi\u00adden yhten\u00e4 k\u00e4sittelymenetelm\u00e4n\u00e4.<\/p>\n\t\t<\/div>\n\t\t\t\t\t<div class=\"elementor-post__read-more-wrapper\">\n\t\t\n\t\t<a class=\"elementor-post__read-more\" href=\"https:\/\/laippa.fi\/?p=1018\" aria-label=\"Read more about Aktiivihiili.fi \u2013 puhtaamman veden puolesta\" tabindex=\"-1\" >\n\t\t\tLue lis\u00e4\u00e4 \u00bb\t\t<\/a>\n\n\t\t\t\t\t<\/div>\n\t\t\t\t<\/div>\n\t\t\t\t<div class=\"elementor-post__meta-data\">\n\t\t\t\t\t<span class=\"elementor-post-date\">\n\t\t\t29 huhtikuun, 2019\t\t<\/span>\n\t\t\t\t<\/div>\n\t\t\t\t\t<\/div>\n\t\t<\/article>\n\t\t\t\t<article class=\"elementor-post elementor-grid-item post-958 post type-post status-publish format-standard has-post-thumbnail hentry category-uutiset category-yleinen tag-halkaistu-laippa tag-irtolaippa tag-putkisto tag-putkiston-valmistus\" role=\"listitem\">\n\t\t\t<div class=\"elementor-post__card\">\n\t\t\t\t<a class=\"elementor-post__thumbnail__link\" href=\"https:\/\/laippa.fi\/?p=958\" tabindex=\"-1\" ><div class=\"elementor-post__thumbnail\"><img loading=\"lazy\" decoding=\"async\" width=\"300\" height=\"151\" src=\"https:\/\/laippa.fi\/wp-content\/uploads\/2017\/11\/Sieppaa-300x151.png\" class=\"attachment-medium size-medium wp-image-959\" alt=\"kaksiosainen irtolaippa\" srcset=\"https:\/\/laippa.fi\/wp-content\/uploads\/2017\/11\/Sieppaa-300x151.png 300w, https:\/\/laippa.fi\/wp-content\/uploads\/2017\/11\/Sieppaa-600x301.png 600w, https:\/\/laippa.fi\/wp-content\/uploads\/2017\/11\/Sieppaa.png 701w\" sizes=\"(max-width: 300px) 100vw, 300px\" \/><\/div><\/a>\n\t\t\t\t<div class=\"elementor-post__text\">\n\t\t\t\t<h3 class=\"elementor-post__title\">\n\t\t\t<a href=\"https:\/\/laippa.fi\/?p=958\" >\n\t\t\t\tDUO halkaistu kaksiosainen laippa\t\t\t<\/a>\n\t\t<\/h3>\n\t\t\t\t<div class=\"elementor-post__excerpt\">\n\t\t\t<p>Halkaistu kaksiosainen laippa helpottamaan asennuksia! DUO laippa on t\u00e4ysin korroosionkest\u00e4v\u00e4\u00e4, kevytt\u00e4 sek\u00e4 kierr\u00e4tett\u00e4v\u00e4\u00e4 materiaalia. T\u00e4ll\u00e4 laipalla voit helposti korvata maan<\/p>\n\t\t<\/div>\n\t\t\t\t\t<div class=\"elementor-post__read-more-wrapper\">\n\t\t\n\t\t<a class=\"elementor-post__read-more\" href=\"https:\/\/laippa.fi\/?p=958\" aria-label=\"Read more about DUO halkaistu kaksiosainen laippa\" tabindex=\"-1\" >\n\t\t\tLue lis\u00e4\u00e4 \u00bb\t\t<\/a>\n\n\t\t\t\t\t<\/div>\n\t\t\t\t<\/div>\n\t\t\t\t<div class=\"elementor-post__meta-data\">\n\t\t\t\t\t<span class=\"elementor-post-date\">\n\t\t\t14 marraskuun, 2017\t\t<\/span>\n\t\t\t\t<\/div>\n\t\t\t\t\t<\/div>\n\t\t<\/article>\n\t\t\t\t<article class=\"elementor-post elementor-grid-item post-927 post type-post status-publish format-standard has-post-thumbnail hentry category-uutiset category-yleinen tag-laipallinen-letkuliitin tag-letkujatko tag-letkuliitin tag-letkusupistus\" role=\"listitem\">\n\t\t\t<div class=\"elementor-post__card\">\n\t\t\t\t<a class=\"elementor-post__thumbnail__link\" href=\"https:\/\/laippa.fi\/?p=927\" tabindex=\"-1\" ><div class=\"elementor-post__thumbnail\"><img loading=\"lazy\" decoding=\"async\" width=\"300\" height=\"300\" src=\"https:\/\/laippa.fi\/wp-content\/uploads\/2017\/06\/Letkuliitin-jatkokara-letkuletku-600x600-300x300-1.jpg\" class=\"attachment-medium size-medium wp-image-3528\" alt=\"\" srcset=\"https:\/\/laippa.fi\/wp-content\/uploads\/2017\/06\/Letkuliitin-jatkokara-letkuletku-600x600-300x300-1.jpg 300w, https:\/\/laippa.fi\/wp-content\/uploads\/2017\/06\/Letkuliitin-jatkokara-letkuletku-600x600-300x300-1-150x150.jpg 150w, https:\/\/laippa.fi\/wp-content\/uploads\/2017\/06\/Letkuliitin-jatkokara-letkuletku-600x600-300x300-1-100x100.jpg 100w\" sizes=\"(max-width: 300px) 100vw, 300px\" \/><\/div><\/a>\n\t\t\t\t<div class=\"elementor-post__text\">\n\t\t\t\t<h3 class=\"elementor-post__title\">\n\t\t\t<a href=\"https:\/\/laippa.fi\/?p=927\" >\n\t\t\t\tLiittimet letkuihin!\t\t\t<\/a>\n\t\t<\/h3>\n\t\t\t\t<div class=\"elementor-post__excerpt\">\n\t\t\t<p>Liittimet letkuihin! Valikoimassamme on kattava tuotesarja laadukkaita letkuliittimi\u00e4. hitsattava letkukara (kokoluokka 103mm-154mm) erilaiset letkujatkot; kierre\/kierre, letku\/letku, letku\/kierre (kokoluokka 1\/2&#8243;-5&#8243;) erilaiset<\/p>\n\t\t<\/div>\n\t\t\t\t\t<div class=\"elementor-post__read-more-wrapper\">\n\t\t\n\t\t<a class=\"elementor-post__read-more\" href=\"https:\/\/laippa.fi\/?p=927\" aria-label=\"Read more about Liittimet letkuihin!\" tabindex=\"-1\" >\n\t\t\tLue lis\u00e4\u00e4 \u00bb\t\t<\/a>\n\n\t\t\t\t\t<\/div>\n\t\t\t\t<\/div>\n\t\t\t\t<div class=\"elementor-post__meta-data\">\n\t\t\t\t\t<span class=\"elementor-post-date\">\n\t\t\t19 kes\u00e4kuun, 2017\t\t<\/span>\n\t\t\t\t<\/div>\n\t\t\t\t\t<\/div>\n\t\t<\/article>\n\t\t\t\t<article class=\"elementor-post elementor-grid-item post-898 post type-post status-publish format-standard has-post-thumbnail hentry category-uutiset category-yleinen tag-irtolaippa tag-laippa tag-laippa-pn10 tag-taivutettu-laippa\" role=\"listitem\">\n\t\t\t<div class=\"elementor-post__card\">\n\t\t\t\t<a class=\"elementor-post__thumbnail__link\" href=\"https:\/\/laippa.fi\/?p=898\" tabindex=\"-1\" ><div class=\"elementor-post__thumbnail\"><img loading=\"lazy\" decoding=\"async\" width=\"300\" height=\"216\" src=\"https:\/\/laippa.fi\/wp-content\/uploads\/2017\/04\/din-2642-300x216.jpg\" class=\"attachment-medium size-medium wp-image-162\" alt=\"\" srcset=\"https:\/\/laippa.fi\/wp-content\/uploads\/2017\/04\/din-2642-300x216.jpg 300w, https:\/\/laippa.fi\/wp-content\/uploads\/2017\/04\/din-2642-600x432.jpg 600w, https:\/\/laippa.fi\/wp-content\/uploads\/2017\/04\/din-2642.jpg 705w\" sizes=\"(max-width: 300px) 100vw, 300px\" \/><\/div><\/a>\n\t\t\t\t<div class=\"elementor-post__text\">\n\t\t\t\t<h3 class=\"elementor-post__title\">\n\t\t\t<a href=\"https:\/\/laippa.fi\/?p=898\" >\n\t\t\t\tTaivutettu irtolaippa DIN2642, EN1092-1\t\t\t<\/a>\n\t\t<\/h3>\n\t\t\t\t<div class=\"elementor-post__excerpt\">\n\t\t\t<p>Taivutettu irtolaippa DIN2642 EN1092-1. Irtolaippa tehd\u00e4\u00e4n levyst\u00e4 taivuttamalla, mik\u00e4 mahdollistaa kevyen rakenteen verrattuna normaaliin laippaan. \u00a0Laipat valmistetaan EN\/Din standardien mukaan<\/p>\n\t\t<\/div>\n\t\t\t\t\t<div class=\"elementor-post__read-more-wrapper\">\n\t\t\n\t\t<a class=\"elementor-post__read-more\" href=\"https:\/\/laippa.fi\/?p=898\" aria-label=\"Read more about Taivutettu irtolaippa DIN2642, EN1092-1\" tabindex=\"-1\" >\n\t\t\tLue lis\u00e4\u00e4 \u00bb\t\t<\/a>\n\n\t\t\t\t\t<\/div>\n\t\t\t\t<\/div>\n\t\t\t\t<div class=\"elementor-post__meta-data\">\n\t\t\t\t\t<span class=\"elementor-post-date\">\n\t\t\t12 kes\u00e4kuun, 2017\t\t<\/span>\n\t\t\t\t<\/div>\n\t\t\t\t\t<\/div>\n\t\t<\/article>\n\t\t\t\t<\/div>\n\t\t\n\t\t\t\t\t\t<\/div>\n\t\t\t\t<\/div>\n\t\t\t\t\t<\/div>\n\t\t<\/div>\n\t\t\t\t\t<\/div>\n\t\t<\/section>\n\t\t\t\t<section class=\"elementor-section elementor-top-section elementor-element elementor-element-ed32994 elementor-section-boxed elementor-section-height-default elementor-section-height-default\" data-id=\"ed32994\" data-element_type=\"section\" data-e-type=\"section\">\n\t\t\t\t\t\t<div class=\"elementor-container elementor-column-gap-default\">\n\t\t\t\t\t<div class=\"elementor-column elementor-col-100 elementor-top-column elementor-element elementor-element-a15c711\" data-id=\"a15c711\" data-element_type=\"column\" data-e-type=\"column\">\n\t\t\t<div class=\"elementor-widget-wrap elementor-element-populated\">\n\t\t\t\t\t\t<div class=\"elementor-element elementor-element-1a496e2 elementor-widget elementor-widget-spacer\" data-id=\"1a496e2\" data-element_type=\"widget\" data-e-type=\"widget\" data-widget_type=\"spacer.default\">\n\t\t\t\t<div class=\"elementor-widget-container\">\n\t\t\t\t\t\t\t<div class=\"elementor-spacer\">\n\t\t\t<div class=\"elementor-spacer-inner\"><\/div>\n\t\t<\/div>\n\t\t\t\t\t\t<\/div>\n\t\t\t\t<\/div>\n\t\t\t\t\t<\/div>\n\t\t<\/div>\n\t\t\t\t\t<\/div>\n\t\t<\/section>\n\t\t\t\t<\/div>\n\t\t","protected":false},"excerpt":{"rendered":"<p>AJANKOHTAISTA<\/p>\n","protected":false},"author":2,"featured_media":0,"parent":0,"menu_order":0,"comment_status":"closed","ping_status":"closed","template":"elementor_header_footer","meta":{"footnotes":""},"yst_prominent_words":[],"class_list":["post-777","page","type-page","status-publish","hentry"],"_links":{"self":[{"href":"https:\/\/laippa.fi\/index.php?rest_route=\/wp\/v2\/pages\/777","targetHints":{"allow":["GET"]}}],"collection":[{"href":"https:\/\/laippa.fi\/index.php?rest_route=\/wp\/v2\/pages"}],"about":[{"href":"https:\/\/laippa.fi\/index.php?rest_route=\/wp\/v2\/types\/page"}],"author":[{"embeddable":true,"href":"https:\/\/laippa.fi\/index.php?rest_route=\/wp\/v2\/users\/2"}],"replies":[{"embeddable":true,"href":"https:\/\/laippa.fi\/index.php?rest_route=%2Fwp%2Fv2%2Fcomments&post=777"}],"version-history":[{"count":19,"href":"https:\/\/laippa.fi\/index.php?rest_route=\/wp\/v2\/pages\/777\/revisions"}],"predecessor-version":[{"id":3540,"href":"https:\/\/laippa.fi\/index.php?rest_route=\/wp\/v2\/pages\/777\/revisions\/3540"}],"wp:attachment":[{"href":"https:\/\/laippa.fi\/index.php?rest_route=%2Fwp%2Fv2%2Fmedia&parent=777"}],"wp:term":[{"taxonomy":"yst_prominent_words","embeddable":true,"href":"https:\/\/laippa.fi\/index.php?rest_route=%2Fwp%2Fv2%2Fyst_prominent_words&post=777"}],"curies":[{"name":"wp","href":"https:\/\/api.w.org\/{rel}","templated":true}]}}