{"id":2962,"date":"2021-08-16T11:30:54","date_gmt":"2021-08-16T08:30:54","guid":{"rendered":"https:\/\/laippa.fi\/?page_id=2962"},"modified":"2021-08-16T11:30:54","modified_gmt":"2021-08-16T08:30:54","slug":"tilaus-ja-toimitusehdot","status":"publish","type":"page","link":"https:\/\/laippa.fi\/?page_id=2962","title":{"rendered":"Tilaus ja toimitusehdot"},"content":{"rendered":"<h2 style=\"font-weight: 400;\">Toimitusehdot<\/h2>\n<p style=\"font-weight: 400;\">Suomen Laippapalvelu Oy, y-tunnus 2329405-6 (j\u00e4ljemp\u00e4n\u00e4 verkkokauppa) myy tuotteita yksityishenkil\u00f6ille ja yrityksille Suomeen. Pid\u00e4t\u00e4mme oikeuden toimitusehtojen ja hintojen muutoksiin. Tuotteiden hinnat sis\u00e4lt\u00e4v\u00e4t arvonlis\u00e4veron.<\/p>\n<h2 style=\"font-weight: 400;\">Verkkokaupan yhteystiedot<\/h2>\n<p style=\"font-weight: 400;\">S\u00e4hk\u00f6posti:\u00a0<a href=\"mailto:info@laippa.fi\">info@laippa.fi<\/a><br \/>\nPuhelin: 050 338 9030<br \/>\nPostiosoite: Koij\u00e4rventie 375, 31130 Koij\u00e4rvi<\/p>\n<h2 style=\"font-weight: 400;\">Tilaaminen<\/h2>\n<p style=\"font-weight: 400;\">Tilattavat tuotteet valitaan verkkokaupassa lis\u00e4\u00e4m\u00e4ll\u00e4 ne ostoskoriin. Tilaus l\u00e4hetet\u00e4\u00e4n maksamalla ostoskorin sis\u00e4lt\u00f6 verkkokaupan kassatoiminnossa. Tehdess\u00e4si tilauksen hyv\u00e4ksyt n\u00e4m\u00e4 toimitusehdot, tuotteiden hinnat sek\u00e4 toimituskulut. Mik\u00e4li tilaushetkell\u00e4 annetaan s\u00e4hk\u00f6postiosoite, tilauksesta l\u00e4hetet\u00e4\u00e4n tilausvahvistus s\u00e4hk\u00f6postitse. Tilausvahvistuksesta ilmenev\u00e4t tilatut tuotteet sek\u00e4 hinta.<\/p>\n<h2 style=\"font-weight: 400;\">Maksaminen<\/h2>\n<p style=\"font-weight: 400;\">Verkkokaupan maksuv\u00e4litt\u00e4j\u00e4n\u00e4 toimii Visma Pay (Paybyway Oy, y-tunnus 2486559-4), joka on rekister\u00f6ity Finanssivalvonnan yll\u00e4pit\u00e4m\u00e4\u00e4n maksulaitosrekisteriin. Maksamiseen siirryt\u00e4\u00e4n Visman verkkopalvelun kautta ja tiliotteella ja laskulla maksun saajana n\u00e4kyy Visma tai Paybyway Oy.<\/p>\n<p style=\"font-weight: 400;\">Visma v\u00e4litt\u00e4\u00e4 maksut verkkokauppiaalle. Maksaminen on turvallista, sill\u00e4 kaikki maksutapahtumaa koskevat tiedot v\u00e4litet\u00e4\u00e4n salattua yhteytt\u00e4 k\u00e4ytt\u00e4en niin ettei kukaan ulkopuolinen taho n\u00e4e maksutapahtuman tietoja.<\/p>\n<p style=\"font-weight: 400;\">Kauppa syntyy verkkokaupan asiakkaan ja verkkokaupan v\u00e4lille. Verkkokaupan vastuulla ovat kaikki kauppaan liittyv\u00e4t velvoitteet. Lue lis\u00e4\u00e4 Vismasta:\u00a0<a href=\"https:\/\/visma.fi\/vismapay\/maksupalvelu\" data-saferedirecturl=\"https:\/\/www.google.com\/url?q=https:\/\/visma.fi\/vismapay\/maksupalvelu&amp;source=gmail&amp;ust=1629188511464000&amp;usg=AFQjCNE-7sx1-tyY3aFdxbPnbOjRRcuzQA\">https:\/\/visma.fi\/vismapay\/maksupalvelu<\/a><\/p>\n<p style=\"font-weight: 400;\">Visma PayForm-maksunv\u00e4lityspalvelu v\u00e4litt\u00e4\u00e4 maksusi Fiksuapteekki \/ Kemin Luontaistuote ja Hoitola Oy. Mik\u00e4li tiliotteellasi tai luottokorttilaskullasi n\u00e4kyy Visma tai Paybyway Oy, olemme v\u00e4litt\u00e4neet maksusi.<\/p>\n<p style=\"font-weight: 400;\">Suomen Laippapalvelu Oy toimii tuotteiden ja palveluiden markkinoijana sek\u00e4 tuotteiden toimittajana asiakkaalle. Suomen Laippapalvelu Oy huolehtii kauppaan liittyvist\u00e4 lakis\u00e4\u00e4teisist\u00e4 sek\u00e4 itse m\u00e4\u00e4rittelemist\u00e4\u00e4n muista velvoitteista.<\/p>\n<h2 style=\"font-weight: 400;\">Maksutavat<\/h2>\n<p style=\"font-weight: 400;\">PayForm-palvelun kautta voit maksaa verkkopankkitunnuksilla, lompakolla, maksukorteilla (credit\/debit), laskulla tai osamaksulla. K\u00e4ytett\u00e4viss\u00e4 ovat seuraavat maksutavat: Osuuspankki, Nordea, Danske Bank, Oma S\u00e4\u00e4st\u00f6pankki, S\u00e4\u00e4st\u00f6pankki, Aktia, Paikallisosuuspankit, S-Pankki, Handelsbanken, \u00c5landsbanken, MobilePay, Masterpass, Pivo, Visa-, Visa Debit-, Visa Electron-, MasterCard- ja Debit MasterCard -kortit, sek\u00e4 Jousto ja Enterpay Lasku yritykselle.<\/p>\n<h2 style=\"font-weight: 400;\">Visma PayForm -maksupalvelun yhteystiedot<\/h2>\n<p style=\"font-weight: 400;\">Visma PayForm, Paybyway Oy (Y-tunnus 2486559-4)<br \/>\nS\u00e4hk\u00f6posti:\u00a0<a href=\"mailto:helpdesk@vismapay.com\">helpdesk@vismapay.com<\/a><br \/>\nPuhelin: 09 3154 2037, arkisin 8-16<br \/>\nPostiosoite: Laserkatu 6, 53850 Lappeenranta<\/p>\n<h2 style=\"font-weight: 400;\">Toimitus<\/h2>\n<p style=\"font-weight: 400;\">Postitamme tilauksia arkip\u00e4ivisin. Varastosta toimitettavien tuotteiden toimitusaika on yleens\u00e4 3-5 arkip\u00e4iv\u00e4\u00e4. Mik\u00e4li toimitettavat tuotteet ovat tilaustuotteita, toimitusaika on yleens\u00e4 2-3 viikkoa. Toimituskulut m\u00e4\u00e4r\u00e4ytyv\u00e4t valitun toimitustavan, mahdollisten lis\u00e4palvelujen, tilauksen painon ja koon mukaan. N\u00e4et toimituskulut verkkokaupan kassatoiminnossa ennen tilauksen lopullista hyv\u00e4ksymist\u00e4.<\/p>\n<p style=\"font-weight: 400;\">Mik\u00e4li tuote on kadonnut tai vioittunut toimituksen aikana, tulee t\u00e4st\u00e4 ilmoittaa viipym\u00e4tt\u00e4, mutta viimeist\u00e4\u00e4n 14 vuorokauden kuluessa verkkokaupalle. Toimituksessa vioittuneista paketeista tulee viipym\u00e4tt\u00e4 ilmoittaa toimituksesta vastanneelle yhti\u00f6lle.<\/p>\n<h2 style=\"font-weight: 400;\">Palautukset<\/h2>\n<p style=\"font-weight: 400;\">Verkkokaupan asiakkaalla on kuluttajansuojalain mukainen 14 vuorokauden vaihto- ja palautusoikeus. Asiakkaalla on oikeus vaihtaa tai palauttaa osa tai kaikki tilauksen tuotteet. Palautettavat tai vaihdettavat tuotteet tulee olla alkuper\u00e4ispakkauksessa ja myyntikuntoisia. Halutessasi palauttaa tai vaihtaa tuotteita, ota ensin yhteytt\u00e4 verkkokauppaan ja kysy palautusohjeita. Liit\u00e4th\u00e4n palautukseen mukaan nimesi, yhteystietosi sek\u00e4 tilinumerosi mahdollista maksunpalautusta varten.<\/p>\n<h2 style=\"font-weight: 400;\">Tilauksen peruuttaminen, virhevastuu ja reklamaatiot<\/h2>\n<p style=\"font-weight: 400;\">Ennen tilauksen toimitusta tilauksen voi peruuttaa kirjallisella ilmoituksella s\u00e4hk\u00f6postitse.<\/p>\n<p style=\"font-weight: 400;\">Verkkokaupalla on lakis\u00e4\u00e4teinen virhevastuu myydyist\u00e4 tuotteista. Reklamaatiotapauksissa pyyd\u00e4mme olemaan yhteydess\u00e4 asiakaspalveluumme. Kuluttajalla on oikeus vied\u00e4 mahdolliset riitatilanteet kuluttajariitalautakunnan ratkaistavaksi.\u201d<\/p>\n","protected":false},"excerpt":{"rendered":"<p>Toimitusehdot Suomen Laippapalvelu Oy, y-tunnus 2329405-6 (j\u00e4ljemp\u00e4n\u00e4 verkkokauppa) myy tuotteita yksityishenkil\u00f6ille ja yrityksille Suomeen. Pid\u00e4t\u00e4mme oikeuden toimitusehtojen ja hintojen muutoksiin. Tuotteiden hinnat sis\u00e4lt\u00e4v\u00e4t arvonlis\u00e4veron. Verkkokaupan yhteystiedot S\u00e4hk\u00f6posti:\u00a0info@laippa.fi Puhelin: 050 338 9030 Postiosoite: Koij\u00e4rventie 375, 31130 Koij\u00e4rvi Tilaaminen Tilattavat tuotteet valitaan verkkokaupassa lis\u00e4\u00e4m\u00e4ll\u00e4 ne ostoskoriin. Tilaus l\u00e4hetet\u00e4\u00e4n maksamalla ostoskorin sis\u00e4lt\u00f6 verkkokaupan kassatoiminnossa. Tehdess\u00e4si tilauksen hyv\u00e4ksyt n\u00e4m\u00e4 [&hellip;]<\/p>\n","protected":false},"author":2,"featured_media":0,"parent":0,"menu_order":0,"comment_status":"closed","ping_status":"closed","template":"","meta":{"footnotes":""},"yst_prominent_words":[],"class_list":["post-2962","page","type-page","status-publish","hentry"],"_links":{"self":[{"href":"https:\/\/laippa.fi\/index.php?rest_route=\/wp\/v2\/pages\/2962","targetHints":{"allow":["GET"]}}],"collection":[{"href":"https:\/\/laippa.fi\/index.php?rest_route=\/wp\/v2\/pages"}],"about":[{"href":"https:\/\/laippa.fi\/index.php?rest_route=\/wp\/v2\/types\/page"}],"author":[{"embeddable":true,"href":"https:\/\/laippa.fi\/index.php?rest_route=\/wp\/v2\/users\/2"}],"replies":[{"embeddable":true,"href":"https:\/\/laippa.fi\/index.php?rest_route=%2Fwp%2Fv2%2Fcomments&post=2962"}],"version-history":[{"count":0,"href":"https:\/\/laippa.fi\/index.php?rest_route=\/wp\/v2\/pages\/2962\/revisions"}],"wp:attachment":[{"href":"https:\/\/laippa.fi\/index.php?rest_route=%2Fwp%2Fv2%2Fmedia&parent=2962"}],"wp:term":[{"taxonomy":"yst_prominent_words","embeddable":true,"href":"https:\/\/laippa.fi\/index.php?rest_route=%2Fwp%2Fv2%2Fyst_prominent_words&post=2962"}],"curies":[{"name":"wp","href":"https:\/\/api.w.org\/{rel}","templated":true}]}}